{"id":9486,"date":"2023-10-30T13:21:57","date_gmt":"2023-10-30T12:21:57","guid":{"rendered":"http:\/\/s867171322.onlinehome.fr\/?page_id=9486"},"modified":"2023-10-30T13:22:42","modified_gmt":"2023-10-30T12:22:42","slug":"cgu","status":"publish","type":"page","link":"http:\/\/3m-plaisance.com\/?page_id=9486","title":{"rendered":"CGU"},"content":{"rendered":"\t\t<div data-elementor-type=\"wp-page\" data-elementor-id=\"9486\" class=\"elementor elementor-9486\">\n\t\t\t\t\t\t\t<div class=\"elementor-element elementor-element-3b04c87 e-flex e-con-boxed e-con e-parent\" data-id=\"3b04c87\" data-element_type=\"container\" data-settings=\"{&quot;content_width&quot;:&quot;boxed&quot;}\" data-core-v316-plus=\"true\">\n\t\t\t\t\t<div class=\"e-con-inner\">\n\t\t\t\t<div class=\"elementor-element elementor-element-86bbf89 elementor-widget elementor-widget-restly_title2\" data-id=\"86bbf89\" data-element_type=\"widget\" data-widget_type=\"restly_title2.default\">\n\t\t\t\t<div class=\"elementor-widget-container\">\n\t\t\t        <div class=\"section-title-wrapper-v2\">\r\n            <div class=\"section-title\">\r\n                                    <span class=\"sub-title-two\"\r\n                                        >CGU<\/span>\r\n                                <h2 class=\"section-h2\">Politique de confidentialit\u00e9<\/h2>\r\n            <\/div>\r\n        <\/div>\r\n        \t\t<\/div>\n\t\t\t\t<\/div>\n\t\t\t\t\t<\/div>\n\t\t\t\t<\/div>\n\t\t<div class=\"elementor-element elementor-element-fb3e498 e-flex e-con-boxed e-con e-parent\" data-id=\"fb3e498\" data-element_type=\"container\" data-settings=\"{&quot;content_width&quot;:&quot;boxed&quot;}\" data-core-v316-plus=\"true\">\n\t\t\t\t\t<div class=\"e-con-inner\">\n\t\t\t\t<div class=\"elementor-element elementor-element-19fcb21 elementor-widget elementor-widget-restly_faq\" data-id=\"19fcb21\" data-element_type=\"widget\" data-widget_type=\"restly_faq.default\">\n\t\t\t\t<div class=\"elementor-widget-container\">\n\t\t\t        <div class=\"accordion accordion-flush faq-accordion\" id=\"accordionFlushExample\">\r\n                        <div class=\"accordion-item\">\r\n                <h2 class=\"accordion-header\" id=\"faq-1\">\r\n                <button class=\"accordion-button collapse\" type=\"button\" data-bs-toggle=\"collapse\" data-bs-target=\"#faq-item-1\" aria-expanded=\"false\" aria-controls=\"faq-item-1\">\r\n                   Qui sommes-nous ?                <\/button>\r\n                <\/h2>\r\n                <div id=\"faq-item-1\" class=\"accordion-collapse collapse show\" aria-labelledby=\"faq-1\" data-bs-parent=\"#accordionFlushExample\">\r\n                    <div class=\"accordion-body\"><p>L\u2019adresse de notre site est : http:\/\/3m-plaisance.com.<\/p><\/div>\r\n                <\/div>\r\n            <\/div>\r\n                        <div class=\"accordion-item\">\r\n                <h2 class=\"accordion-header\" id=\"faq-2\">\r\n                <button class=\"accordion-button collapsed\" type=\"button\" data-bs-toggle=\"collapse\" data-bs-target=\"#faq-item-2\" aria-expanded=\"false\" aria-controls=\"faq-item-2\">\r\n                   M\u00e9dias                <\/button>\r\n                <\/h2>\r\n                <div id=\"faq-item-2\" class=\"accordion-collapse collapse \" aria-labelledby=\"faq-2\" data-bs-parent=\"#accordionFlushExample\">\r\n                    <div class=\"accordion-body\"><p>Si vous t\u00e9l\u00e9versez des images sur le site, nous vous conseillons d\u2019\u00e9viter de t\u00e9l\u00e9verser des images contenant des donn\u00e9es EXIF de coordonn\u00e9es GPS. Les personnes visitant votre site peuvent t\u00e9l\u00e9charger et extraire des donn\u00e9es de localisation depuis ces images.<\/p><\/div>\r\n                <\/div>\r\n            <\/div>\r\n                        <div class=\"accordion-item\">\r\n                <h2 class=\"accordion-header\" id=\"faq-3\">\r\n                <button class=\"accordion-button collapsed\" type=\"button\" data-bs-toggle=\"collapse\" data-bs-target=\"#faq-item-3\" aria-expanded=\"false\" aria-controls=\"faq-item-3\">\r\n                   Cookies                <\/button>\r\n                <\/h2>\r\n                <div id=\"faq-item-3\" class=\"accordion-collapse collapse \" aria-labelledby=\"faq-3\" data-bs-parent=\"#accordionFlushExample\">\r\n                    <div class=\"accordion-body\"><p>Si vous d\u00e9posez une demande de contact, il vous sera propos\u00e9 d\u2019enregistrer votre nom, adresse e-mail et site dans des cookies. Un cookie temporaire sera cr\u00e9\u00e9 afin de d\u00e9terminer si votre navigateur accepte les cookies. Il ne contient pas de donn\u00e9es personnelles et sera supprim\u00e9 automatiquement \u00e0 la fermeture de votre navigateur.<\/p><\/div>\r\n                <\/div>\r\n            <\/div>\r\n                        <div class=\"accordion-item\">\r\n                <h2 class=\"accordion-header\" id=\"faq-4\">\r\n                <button class=\"accordion-button collapsed\" type=\"button\" data-bs-toggle=\"collapse\" data-bs-target=\"#faq-item-4\" aria-expanded=\"false\" aria-controls=\"faq-item-4\">\r\n                   Les droits que vous avez sur vos donn\u00e9es                <\/button>\r\n                <\/h2>\r\n                <div id=\"faq-item-4\" class=\"accordion-collapse collapse \" aria-labelledby=\"faq-4\" data-bs-parent=\"#accordionFlushExample\">\r\n                    <div class=\"accordion-body\"><p>Nous utilisons uniquement un cookie de stockage de session, celui-ci est requis pour que vous puissiez naviguer tranquillement sur notre site. Le cookie se supprime automatiquement une fois votre navigateur ferm\u00e9, il n'y a aucune donn\u00e9 personnelle de sauvegarder.<\/p><\/div>\r\n                <\/div>\r\n            <\/div>\r\n                    <\/div>\r\n        \t\t<\/div>\n\t\t\t\t<\/div>\n\t\t\t\t\t<\/div>\n\t\t\t\t<\/div>\n\t\t<div class=\"elementor-element elementor-element-c37cf1e e-flex e-con-boxed e-con e-parent\" data-id=\"c37cf1e\" data-element_type=\"container\" data-settings=\"{&quot;content_width&quot;:&quot;boxed&quot;}\" data-core-v316-plus=\"true\">\n\t\t\t\t\t<div class=\"e-con-inner\">\n\t\t\t\t<div class=\"elementor-element elementor-element-092b9bf elementor-widget elementor-widget-restly_button\" data-id=\"092b9bf\" data-element_type=\"widget\" data-widget_type=\"restly_button.default\">\n\t\t\t\t<div class=\"elementor-widget-container\">\n\t\t\t        <div class=\"restly-button-wrapper\">\r\n            <div class=\"restly-button\">\r\n                <a href=\"http:\/\/3m-plaisance.com\/\" class=\"theme-btns gradient-btn-one\"  >Retour au Site<\/a>\r\n            <\/div>\r\n        <\/div>\r\n        \t\t<\/div>\n\t\t\t\t<\/div>\n\t\t\t\t\t<\/div>\n\t\t\t\t<\/div>\n\t\t\t\t\t\t\t<\/div>\n\t\t","protected":false},"excerpt":{"rendered":"<p>CGU Politique de confidentialit\u00e9 Qui sommes-nous ? L\u2019adresse de notre site est : http:\/\/3m-plaisance.com. M\u00e9dias Si vous t\u00e9l\u00e9versez des images sur le site, nous vous conseillons d\u2019\u00e9viter de t\u00e9l\u00e9verser des images contenant des donn\u00e9es EXIF de coordonn\u00e9es GPS. Les personnes visitant votre site peuvent t\u00e9l\u00e9charger et extraire des donn\u00e9es de localisation depuis ces images. Cookies [&hellip;]<\/p>\n","protected":false},"author":1,"featured_media":0,"parent":0,"menu_order":0,"comment_status":"closed","ping_status":"closed","template":"","meta":{"footnotes":""},"class_list":["post-9486","page","type-page","status-publish","hentry"],"_links":{"self":[{"href":"http:\/\/3m-plaisance.com\/index.php?rest_route=\/wp\/v2\/pages\/9486","targetHints":{"allow":["GET"]}}],"collection":[{"href":"http:\/\/3m-plaisance.com\/index.php?rest_route=\/wp\/v2\/pages"}],"about":[{"href":"http:\/\/3m-plaisance.com\/index.php?rest_route=\/wp\/v2\/types\/page"}],"author":[{"embeddable":true,"href":"http:\/\/3m-plaisance.com\/index.php?rest_route=\/wp\/v2\/users\/1"}],"replies":[{"embeddable":true,"href":"http:\/\/3m-plaisance.com\/index.php?rest_route=%2Fwp%2Fv2%2Fcomments&post=9486"}],"version-history":[{"count":20,"href":"http:\/\/3m-plaisance.com\/index.php?rest_route=\/wp\/v2\/pages\/9486\/revisions"}],"predecessor-version":[{"id":9510,"href":"http:\/\/3m-plaisance.com\/index.php?rest_route=\/wp\/v2\/pages\/9486\/revisions\/9510"}],"wp:attachment":[{"href":"http:\/\/3m-plaisance.com\/index.php?rest_route=%2Fwp%2Fv2%2Fmedia&parent=9486"}],"curies":[{"name":"wp","href":"https:\/\/api.w.org\/{rel}","templated":true}]}}